{"id":17,"date":"2024-01-09T15:26:44","date_gmt":"2024-01-09T08:26:44","guid":{"rendered":"https:\/\/kikowaa.de\/?page_id=17"},"modified":"2024-01-26T19:07:00","modified_gmt":"2024-01-26T12:07:00","slug":"registration-auf-kikowaa","status":"publish","type":"page","link":"https:\/\/kikowaa.de\/?page_id=17","title":{"rendered":"Registration auf Kikowaa"},"content":{"rendered":"\n<div class=\"wp-block-cover alignwide has-border-color has-contrast-border-color\" style=\"border-width:1px;border-radius:5px;min-height:50vh;aspect-ratio:unset;\"><span aria-hidden=\"true\" class=\"wp-block-cover__background has-background-dim-100 has-background-dim\" style=\"background-color:#4f4f4f\"><\/span><div class=\"wp-block-cover__inner-container has-global-padding is-layout-constrained wp-container-core-cover-is-layout-839c3b89 wp-block-cover-is-layout-constrained\">\n<p class=\"has-text-align-center has-x-large-font-size\">Registriere dich bei Kikowaa<\/p>\n\n\n\n<p class=\"has-text-align-center has-large-font-size\">F\u00fcr Verk\u00e4ufer die ohne eigenen e-commerce system ihre Produkte anbieten m\u00f6chten.<\/p>\n<\/div><\/div>\n\n\n\n<div class=\"wp-block-cover alignwide has-border-color has-contrast-2-border-color\" style=\"border-width:1px;border-radius:5px;min-height:50vh;aspect-ratio:unset;\"><span aria-hidden=\"true\" class=\"wp-block-cover__background has-background-dim-90 has-background-dim\" style=\"background-color:#2c2c2c\"><\/span><div class=\"wp-block-cover__inner-container has-global-padding is-layout-constrained wp-container-core-cover-is-layout-839c3b89 wp-block-cover-is-layout-constrained\">\n<p class=\"has-text-align-center has-large-font-size\">Registriere dich jetzt und nutze die Vorteile von Kikowaa<\/p>\n\n\n\n<div class=\"wp-block-buttons has-custom-font-size has-body-font-family has-medium-font-size is-content-justification-right is-layout-flex wp-container-core-buttons-is-layout-56c9de21 wp-block-buttons-is-layout-flex\" style=\"line-height:1.5\">\n<div class=\"wp-block-button has-custom-font-size is-style-outline has-medium-font-size is-style-outline--1\"><a class=\"wp-block-button__link has-base-2-color has-text-color has-link-color has-border-color has-text-align-center wp-element-button\" href=\"https:\/\/kikowaa.de\/wp-login.php?action=register\" style=\"border-color:#A4A4A4;border-width:1px;border-radius:5px\">Registriere dich jetzt<\/a><\/div>\n<\/div>\n<\/div><\/div>\n","protected":false},"excerpt":{"rendered":"","protected":false},"author":1,"featured_media":0,"parent":0,"menu_order":3,"comment_status":"closed","ping_status":"closed","template":"","meta":{"footnotes":""},"class_list":["post-17","page","type-page","status-publish","hentry"],"_links":{"self":[{"href":"https:\/\/kikowaa.de\/index.php?rest_route=\/wp\/v2\/pages\/17","targetHints":{"allow":["GET"]}}],"collection":[{"href":"https:\/\/kikowaa.de\/index.php?rest_route=\/wp\/v2\/pages"}],"about":[{"href":"https:\/\/kikowaa.de\/index.php?rest_route=\/wp\/v2\/types\/page"}],"author":[{"embeddable":true,"href":"https:\/\/kikowaa.de\/index.php?rest_route=\/wp\/v2\/users\/1"}],"replies":[{"embeddable":true,"href":"https:\/\/kikowaa.de\/index.php?rest_route=%2Fwp%2Fv2%2Fcomments&post=17"}],"version-history":[{"count":0,"href":"https:\/\/kikowaa.de\/index.php?rest_route=\/wp\/v2\/pages\/17\/revisions"}],"wp:attachment":[{"href":"https:\/\/kikowaa.de\/index.php?rest_route=%2Fwp%2Fv2%2Fmedia&parent=17"}],"curies":[{"name":"wp","href":"https:\/\/api.w.org\/{rel}","templated":true}]}}