{"id":96,"date":"2024-01-13T15:04:35","date_gmt":"2024-01-13T08:04:35","guid":{"rendered":"https:\/\/kikowaa.de\/?page_id=96"},"modified":"2024-01-13T18:25:37","modified_gmt":"2024-01-13T11:25:37","slug":"produktbediehnung","status":"publish","type":"page","link":"https:\/\/kikowaa.de\/?page_id=96","title":{"rendered":"Produktbediehnung"},"content":{"rendered":"\n<p class=\"has-x-large-font-size\">blp <\/p>\n\n\n\n<p class=\"has-large-font-size\">Der Mengenpreis wird vergeben, um dem Kunden einen zus\u00e4tzlichen Rabatt auf die Produktmenge zu bieten.<\/p>\n\n\n\n<p class=\"has-large-font-size\">Es reduziert den Preis vor Steuern. <\/p>\n\n\n\n<p class=\"has-large-font-size\">das Eingabemuster<\/p>\n\n\n\n<p class=\"has-large-font-size\">Mengengrenze der Produkteinheit \u2013 Rabatt in Prozent <\/p>\n\n\n\n<p class=\"has-large-font-size\">4-10 <\/p>\n\n\n\n<p class=\"has-large-font-size\">Beim Kauf von bis zu 4 Einheiten bieten Sie dem Kunden 10 % des Produktpreises vor Steuern. <\/p>\n\n\n\n<p class=\"has-large-font-size\">Mehrere Staffelpreise werden durch&#8217;,&#8217; getrennt. <\/p>\n\n\n\n<p class=\"has-large-font-size\">4-10,5-12,8-15<\/p>\n\n\n\n<p class=\"has-x-large-font-size\">Farbe <\/p>\n\n\n\n<p class=\"has-large-font-size\">das Eingabemuster <\/p>\n\n\n\n<p class=\"has-large-font-size\">#abbbce Alice blau <\/p>\n\n\n\n<p class=\"has-large-font-size\">Mehrere Farben werden durch &#8216;,&#8217; getrennt. <\/p>\n\n\n\n<p class=\"has-large-font-size\">#abbc3,#15191f,Alice blau <\/p>\n\n\n\n<p class=\"has-large-font-size\">Gr\u00f6\u00dfen <\/p>\n\n\n\n<p class=\"has-large-font-size\">das Eingabemuster <\/p>\n\n\n\n<p class=\"has-large-font-size\">klein mittel 32-39 x xxl <\/p>\n\n\n\n<p class=\"has-large-font-size\">Mehrere Gr\u00f6\u00dfen werden durch &#8216;,&#8217; getrennt. <\/p>\n\n\n\n<p class=\"has-large-font-size\">klein, mittel, 32-39, x, xxl<\/p>\n\n\n\n<p class=\"has-x-large-font-size\">Kunde \/ Kundeneinstellung <\/p>\n\n\n\n<p class=\"has-x-large-font-size\">Preisanpassung <\/p>\n\n\n\n<p class=\"has-large-font-size\">Ihr Kunde erh\u00e4lt einen prozentualen Rabatt auf jedes Produkt pro Einheit. Dadurch verringert sich der Preis vor Steuern. das Eingabemuster Nummer 0-100<\/p>\n\n\n\n<p class=\"has-x-large-font-size\">Unternehmen \/ Einstellungen <\/p>\n\n\n\n<p>Ihr Unternehemen muss den name cn-prime besitzen. W\u00e4hrungskennung werden von cn- prime bezogen<\/p>\n\n\n\n<p class=\"has-x-large-font-size\">Zahlungen <\/p>\n\n\n\n<p class=\"has-large-font-size\">type_paypal_zahlung <\/p>\n\n\n\n<p class=\"has-large-font-size\">(Paypal und Kreditkarte) <\/p>\n\n\n\n<p class=\"has-x-large-font-size\">Konto-Einstellung <\/p>\n\n\n\n<p class=\"has-x-large-font-size\">Passwort <\/p>\n\n\n\n<p class=\"has-large-font-size\">\u00e4ndert das Supervisor-Passwort <\/p>\n\n\n\n<p class=\"has-x-large-font-size\">\u00dcberpr\u00fcfung Vertragsablaufdatum<\/p>\n\n\n\n<p class=\"has-large-font-size\">um den Vertrag durch Eingabe der Verifizierungsnummer zu verl\u00e4ngern<\/p>\n\n\n\n<p class=\"has-x-large-font-size\">Sprachschl\u00fcssel <\/p>\n\n\n\n<p>Sprache verf\u00fcgbar in <\/p>\n\n\n\n<p>Englisch, Deutsch, T\u00fcrkisch, Khmer. <\/p>\n\n\n\n<p>Die Standardsprache ist Englisch <\/p>\n\n\n\n<p>en f\u00fcr Englisch <\/p>\n\n\n\n<p>de f\u00fcr Deutsch <\/p>\n\n\n\n<p>tr f\u00fcr T\u00fcrkisch <\/p>\n\n\n\n<p>kh f\u00fcr Khmer<\/p>\n\n\n\n<p>Zahlungsw\u00e4hrungsschl\u00fcssel <\/p>\n\n\n\n<p>Der W\u00e4hrungsschl\u00fcssel, der zum Umrechnen Ihrer Produktw\u00e4hrung in Ihre PayPal-W\u00e4hrung verwendet wird. <\/p>\n\n\n\n<p>Hinweis: Der W\u00e4hrungsschl\u00fcssel muss in Ihrer Unternehmenseinstellung ( cn-prime) dieselbe W\u00e4hrung haben. <\/p>\n\n\n\n<p>Ihr Unternehmen cn-prime hat die W\u00e4hrung <\/p>\n\n\n\n<p>$ Ihr Zahlungsw\u00e4hrungsschl\u00fcssel ist USD<\/p>\n\n\n\n<p>\u20ac Ihr Zahlungsw\u00e4hrungsschl\u00fcssel ist EUR<\/p>\n\n\n\n<p>Weitere W\u00e4hrugsschl\u00fcssel finden Sie <\/p>\n\n\n\n<p><a href=\"https:\/\/developer.paypal.com\/reference\/currency-codes\/\">W\u00e4hrungskennzeichen<\/a><\/p>\n","protected":false},"excerpt":{"rendered":"<p>blp Der Mengenpreis wird vergeben, um dem Kunden einen zus\u00e4tzlichen Rabatt auf die Produktmenge zu bieten. Es reduziert den Preis vor Steuern. das Eingabemuster Mengengrenze der Produkteinheit \u2013 Rabatt in Prozent 4-10 Beim Kauf von bis zu 4 Einheiten bieten Sie dem Kunden 10 % des Produktpreises vor Steuern. Mehrere Staffelpreise werden durch&#8217;,&#8217; getrennt. 4-10,5-12,8-15 [&hellip;]<\/p>\n","protected":false},"author":1,"featured_media":0,"parent":0,"menu_order":5,"comment_status":"closed","ping_status":"closed","template":"","meta":{"footnotes":""},"class_list":["post-96","page","type-page","status-publish","hentry"],"_links":{"self":[{"href":"https:\/\/kikowaa.de\/index.php?rest_route=\/wp\/v2\/pages\/96","targetHints":{"allow":["GET"]}}],"collection":[{"href":"https:\/\/kikowaa.de\/index.php?rest_route=\/wp\/v2\/pages"}],"about":[{"href":"https:\/\/kikowaa.de\/index.php?rest_route=\/wp\/v2\/types\/page"}],"author":[{"embeddable":true,"href":"https:\/\/kikowaa.de\/index.php?rest_route=\/wp\/v2\/users\/1"}],"replies":[{"embeddable":true,"href":"https:\/\/kikowaa.de\/index.php?rest_route=%2Fwp%2Fv2%2Fcomments&post=96"}],"version-history":[{"count":0,"href":"https:\/\/kikowaa.de\/index.php?rest_route=\/wp\/v2\/pages\/96\/revisions"}],"wp:attachment":[{"href":"https:\/\/kikowaa.de\/index.php?rest_route=%2Fwp%2Fv2%2Fmedia&parent=96"}],"curies":[{"name":"wp","href":"https:\/\/api.w.org\/{rel}","templated":true}]}}